{"id":2,"date":"2025-01-22T20:36:01","date_gmt":"2025-01-22T19:36:01","guid":{"rendered":"http:\/\/mxp-design.de\/?page_id=2"},"modified":"2025-02-15T17:43:37","modified_gmt":"2025-02-15T16:43:37","slug":"beispiel-seite","status":"publish","type":"page","link":"https:\/\/mxp-design.de\/","title":{"rendered":"Home"},"content":{"rendered":"\n<p class=\"has-text-align-center\">Seit 1998 sind wir in Sachen Stickerei, Textildruck und Werbetechnik f\u00fcr Sie unterwegs.<br>Zusammen mit Ihnen entwickeln wir ein Ihren Vorstellungen entsprechendes ma\u00dfgeschneidertes Konzept f\u00fcr Ihren Auftritt.<br>Hierbei sichert unsere Inhouse-Produktion eine qualitative und zeitnahe Produktion<br><\/p>\n\n\n\n<figure class=\"wp-block-gallery has-nested-images columns-4 is-cropped wp-block-gallery-1 is-layout-flex wp-block-gallery-is-layout-flex\">\n<figure class=\"wp-block-image size-large\"><a href=\"http:\/\/mxp-design.de\/?page_id=36\"><img loading=\"lazy\" decoding=\"async\" width=\"1024\" height=\"768\" data-id=\"84\" src=\"http:\/\/mxp-design.de\/wp-content\/uploads\/2025\/01\/IMG_20200505_1413078-1024x768.jpg\" alt=\"\" class=\"wp-image-84\" srcset=\"https:\/\/mxp-design.de\/wp-content\/uploads\/2025\/01\/IMG_20200505_1413078-1024x768.jpg 1024w, https:\/\/mxp-design.de\/wp-content\/uploads\/2025\/01\/IMG_20200505_1413078-300x225.jpg 300w, https:\/\/mxp-design.de\/wp-content\/uploads\/2025\/01\/IMG_20200505_1413078-768x576.jpg 768w, https:\/\/mxp-design.de\/wp-content\/uploads\/2025\/01\/IMG_20200505_1413078-1536x1152.jpg 1536w, https:\/\/mxp-design.de\/wp-content\/uploads\/2025\/01\/IMG_20200505_1413078-2048x1536.jpg 2048w\" sizes=\"auto, (max-width: 1024px) 100vw, 1024px\" \/><\/a><figcaption class=\"wp-element-caption\">Stickerei<\/figcaption><\/figure>\n\n\n\n<figure class=\"wp-block-image size-large\"><a href=\"http:\/\/mxp-design.de\/?page_id=129\"><img loading=\"lazy\" decoding=\"async\" width=\"1024\" height=\"768\" data-id=\"93\" src=\"http:\/\/mxp-design.de\/wp-content\/uploads\/2025\/01\/DSCN2878-1024x768.jpg\" alt=\"\" class=\"wp-image-93\" srcset=\"https:\/\/mxp-design.de\/wp-content\/uploads\/2025\/01\/DSCN2878-1024x768.jpg 1024w, https:\/\/mxp-design.de\/wp-content\/uploads\/2025\/01\/DSCN2878-300x225.jpg 300w, https:\/\/mxp-design.de\/wp-content\/uploads\/2025\/01\/DSCN2878-768x576.jpg 768w, https:\/\/mxp-design.de\/wp-content\/uploads\/2025\/01\/DSCN2878-1536x1152.jpg 1536w, https:\/\/mxp-design.de\/wp-content\/uploads\/2025\/01\/DSCN2878-2048x1536.jpg 2048w\" sizes=\"auto, (max-width: 1024px) 100vw, 1024px\" \/><\/a><figcaption class=\"wp-element-caption\">Textildruck<\/figcaption><\/figure>\n\n\n\n<figure class=\"wp-block-image size-large\"><a href=\"http:\/\/mxp-design.de\/?page_id=133\"><img loading=\"lazy\" decoding=\"async\" width=\"768\" height=\"1024\" data-id=\"97\" src=\"http:\/\/mxp-design.de\/wp-content\/uploads\/2025\/01\/IMG_20210810_1250472-768x1024.jpg\" alt=\"\" class=\"wp-image-97\" srcset=\"https:\/\/mxp-design.de\/wp-content\/uploads\/2025\/01\/IMG_20210810_1250472-768x1024.jpg 768w, https:\/\/mxp-design.de\/wp-content\/uploads\/2025\/01\/IMG_20210810_1250472-225x300.jpg 225w, https:\/\/mxp-design.de\/wp-content\/uploads\/2025\/01\/IMG_20210810_1250472-1152x1536.jpg 1152w, https:\/\/mxp-design.de\/wp-content\/uploads\/2025\/01\/IMG_20210810_1250472-1536x2048.jpg 1536w, https:\/\/mxp-design.de\/wp-content\/uploads\/2025\/01\/IMG_20210810_1250472-scaled.jpg 1920w\" sizes=\"auto, (max-width: 768px) 100vw, 768px\" \/><\/a><figcaption class=\"wp-element-caption\">Beschriftung<\/figcaption><\/figure>\n\n\n\n<figure class=\"wp-block-image size-large\"><a href=\"http:\/\/mxp-design.de\/?page_id=143\"><img loading=\"lazy\" decoding=\"async\" width=\"1024\" height=\"768\" data-id=\"96\" src=\"http:\/\/mxp-design.de\/wp-content\/uploads\/2025\/01\/IMG_20210714_1454050-1024x768.jpg\" alt=\"\" class=\"wp-image-96\" srcset=\"https:\/\/mxp-design.de\/wp-content\/uploads\/2025\/01\/IMG_20210714_1454050-1024x768.jpg 1024w, https:\/\/mxp-design.de\/wp-content\/uploads\/2025\/01\/IMG_20210714_1454050-300x225.jpg 300w, https:\/\/mxp-design.de\/wp-content\/uploads\/2025\/01\/IMG_20210714_1454050-768x576.jpg 768w, https:\/\/mxp-design.de\/wp-content\/uploads\/2025\/01\/IMG_20210714_1454050-1536x1152.jpg 1536w, https:\/\/mxp-design.de\/wp-content\/uploads\/2025\/01\/IMG_20210714_1454050-2048x1536.jpg 2048w\" sizes=\"auto, (max-width: 1024px) 100vw, 1024px\" \/><\/a><figcaption class=\"wp-element-caption\">Digitaldruck<\/figcaption><\/figure>\n\n\n\n<figure class=\"wp-block-image size-large\"><a href=\"https:\/\/egeler-design.printwear.de\/de\/home\" target=\"_blank\" rel=\" noreferrer noopener\"><img loading=\"lazy\" decoding=\"async\" width=\"1010\" height=\"1024\" data-id=\"124\" src=\"http:\/\/mxp-design.de\/wp-content\/uploads\/2025\/01\/NewStyles_2024_Cover-1010x1024.jpg\" alt=\"\" class=\"wp-image-124\" srcset=\"https:\/\/mxp-design.de\/wp-content\/uploads\/2025\/01\/NewStyles_2024_Cover-1010x1024.jpg 1010w, https:\/\/mxp-design.de\/wp-content\/uploads\/2025\/01\/NewStyles_2024_Cover-296x300.jpg 296w, https:\/\/mxp-design.de\/wp-content\/uploads\/2025\/01\/NewStyles_2024_Cover-768x779.jpg 768w, https:\/\/mxp-design.de\/wp-content\/uploads\/2025\/01\/NewStyles_2024_Cover-90x90.jpg 90w, https:\/\/mxp-design.de\/wp-content\/uploads\/2025\/01\/NewStyles_2024_Cover-50x50.jpg 50w, https:\/\/mxp-design.de\/wp-content\/uploads\/2025\/01\/NewStyles_2024_Cover.jpg 1258w\" sizes=\"auto, (max-width: 1010px) 100vw, 1010px\" \/><\/a><figcaption class=\"wp-element-caption\">Textilkollektion<\/figcaption><\/figure>\n\n\n\n<figure class=\"wp-block-image size-large\"><a href=\"http:\/\/mxp-design.de\/?page_id=148\"><img loading=\"lazy\" decoding=\"async\" width=\"1024\" height=\"768\" data-id=\"102\" src=\"http:\/\/mxp-design.de\/wp-content\/uploads\/2025\/01\/IMG_20181005_1622221-1024x768.jpg\" alt=\"\" class=\"wp-image-102\" srcset=\"https:\/\/mxp-design.de\/wp-content\/uploads\/2025\/01\/IMG_20181005_1622221-1024x768.jpg 1024w, https:\/\/mxp-design.de\/wp-content\/uploads\/2025\/01\/IMG_20181005_1622221-300x225.jpg 300w, https:\/\/mxp-design.de\/wp-content\/uploads\/2025\/01\/IMG_20181005_1622221-768x576.jpg 768w, https:\/\/mxp-design.de\/wp-content\/uploads\/2025\/01\/IMG_20181005_1622221-1536x1152.jpg 1536w, https:\/\/mxp-design.de\/wp-content\/uploads\/2025\/01\/IMG_20181005_1622221-2048x1536.jpg 2048w\" sizes=\"auto, (max-width: 1024px) 100vw, 1024px\" \/><\/a><figcaption class=\"wp-element-caption\">Offroad-Dekore<\/figcaption><\/figure>\n\n\n\n<figure class=\"wp-block-image size-large\"><a href=\"http:\/\/mxp-design.de\/?page_id=153\"><img loading=\"lazy\" decoding=\"async\" width=\"1024\" height=\"768\" data-id=\"125\" src=\"http:\/\/mxp-design.de\/wp-content\/uploads\/2025\/01\/IMG_20200306_0901451-1-scaled-e1738334169707-1024x768.jpg\" alt=\"\" class=\"wp-image-125\" srcset=\"https:\/\/mxp-design.de\/wp-content\/uploads\/2025\/01\/IMG_20200306_0901451-1-scaled-e1738334169707-1024x768.jpg 1024w, https:\/\/mxp-design.de\/wp-content\/uploads\/2025\/01\/IMG_20200306_0901451-1-scaled-e1738334169707-300x225.jpg 300w, https:\/\/mxp-design.de\/wp-content\/uploads\/2025\/01\/IMG_20200306_0901451-1-scaled-e1738334169707-768x576.jpg 768w, https:\/\/mxp-design.de\/wp-content\/uploads\/2025\/01\/IMG_20200306_0901451-1-scaled-e1738334169707-1536x1152.jpg 1536w, https:\/\/mxp-design.de\/wp-content\/uploads\/2025\/01\/IMG_20200306_0901451-1-scaled-e1738334169707-2048x1536.jpg 2048w\" sizes=\"auto, (max-width: 1024px) 100vw, 1024px\" \/><\/a><figcaption class=\"wp-element-caption\">Sporttrikots<\/figcaption><\/figure>\n<\/figure>\n\n\n\n<p><\/p>\n","protected":false},"excerpt":{"rendered":"<p>Seit 1998 sind wir in Sachen Stickerei, Textildruck und Werbetechnik f\u00fcr Sie unterwegs.Zusammen mit Ihnen entwickeln wir ein Ihren Vorstellungen entsprechendes ma\u00dfgeschneidertes Konzept f\u00fcr Ihren Auftritt.Hierbei sichert unsere Inhouse-Produktion eine &hellip; <a href=\"https:\/\/mxp-design.de\/\" class=\"more-link\"><span>Continue reading<span class=\"screen-reader-text\">Home<\/span><\/span><\/a><\/p>\n","protected":false},"author":1,"featured_media":0,"parent":0,"menu_order":0,"comment_status":"closed","ping_status":"open","template":"","meta":{"om_disable_all_campaigns":false,"_monsterinsights_skip_tracking":false,"_monsterinsights_sitenote_active":false,"_monsterinsights_sitenote_note":"","_monsterinsights_sitenote_category":0,"_kadence_starter_templates_imported_post":false,"footnotes":""},"class_list":["post-2","page","type-page","status-publish","hentry"],"aioseo_notices":[],"_links":{"self":[{"href":"https:\/\/mxp-design.de\/index.php?rest_route=\/wp\/v2\/pages\/2","targetHints":{"allow":["GET"]}}],"collection":[{"href":"https:\/\/mxp-design.de\/index.php?rest_route=\/wp\/v2\/pages"}],"about":[{"href":"https:\/\/mxp-design.de\/index.php?rest_route=\/wp\/v2\/types\/page"}],"author":[{"embeddable":true,"href":"https:\/\/mxp-design.de\/index.php?rest_route=\/wp\/v2\/users\/1"}],"replies":[{"embeddable":true,"href":"https:\/\/mxp-design.de\/index.php?rest_route=%2Fwp%2Fv2%2Fcomments&post=2"}],"version-history":[{"count":34,"href":"https:\/\/mxp-design.de\/index.php?rest_route=\/wp\/v2\/pages\/2\/revisions"}],"predecessor-version":[{"id":221,"href":"https:\/\/mxp-design.de\/index.php?rest_route=\/wp\/v2\/pages\/2\/revisions\/221"}],"wp:attachment":[{"href":"https:\/\/mxp-design.de\/index.php?rest_route=%2Fwp%2Fv2%2Fmedia&parent=2"}],"curies":[{"name":"wp","href":"https:\/\/api.w.org\/{rel}","templated":true}]}}