{"id":133,"date":"2025-01-31T21:05:11","date_gmt":"2025-01-31T20:05:11","guid":{"rendered":"http:\/\/mxp-design.de\/?page_id=133"},"modified":"2025-02-04T09:50:08","modified_gmt":"2025-02-04T08:50:08","slug":"beschriftungen","status":"publish","type":"page","link":"https:\/\/mxp-design.de\/?page_id=133","title":{"rendered":"Beschriftungen"},"content":{"rendered":"\n<p><strong>Eine effiziente Art der Werbeplazierung.<\/strong><\/p>\n\n\n\n<p>Nutzen Sie Ihr Fahrzeug oder Ihr Schaufenster als Werbetr\u00e4ger, treten Sie mit Beschilderungen an die \u00d6ffentlichkeit und weisen Ihren Kunden den Weg zu Ihnen.<br>Nach Ihren W\u00fcnschen und Vorstellungen entwickeln, fertigen und montieren wir Ihre Beschriftungen. Folienschriften, Digitaldruck oder eine Kombination daraus.<\/p>\n\n\n<div id=\"gt3pg_gallery1\" class=\"gt3pg_galleryid-133 gt3pg_gallery-columns-3 gt3pg_photo_gallery gt3pg-corner-type-standard gt3pg_hover-none gt3pg-type-square\" data-size=\"thumbnail\" data-type=\"square\" data-corner=\"standard\" data-link=\"none\" data-margin=\"10\" data-instance=\"1\"><figure class=\"gt3pg_gallery-item gt3pg_element\"><div class=\"gt3pg_item_main_wrapper\"><div class=\"gt3pg_item-wrapper\"><div class=\"gt3pg_img_wrap portrait\" style=\"background-image: url(https:\/\/mxp-design.de\/wp-content\/uploads\/2025\/01\/IMG_20210810_1250472-768x1024.jpg);\" data-width=\"1920\" data-height=\"2560\" data-i=\"1\" >\r\n<img decoding=\"async\" src=\"https:\/\/mxp-design.de\/wp-content\/uploads\/2025\/01\/IMG_20210810_1250472-768x1024.jpg\" title=\"IMG_20210810_1250472\" alt=\"\" \/>\r\n<\/div><\/div>\n <\/div><\/figure>\n<figure class=\"gt3pg_gallery-item gt3pg_element\"><div class=\"gt3pg_item_main_wrapper\"><div class=\"gt3pg_item-wrapper\"><div class=\"gt3pg_img_wrap landscape\" style=\"background-image: url(https:\/\/mxp-design.de\/wp-content\/uploads\/2025\/01\/IMG_20180911_1137035-768x576.jpg);\" data-width=\"2560\" data-height=\"1920\" data-i=\"2\" >\r\n<img decoding=\"async\" src=\"https:\/\/mxp-design.de\/wp-content\/uploads\/2025\/01\/IMG_20180911_1137035-768x576.jpg\" title=\"IMG_20180911_1137035\" alt=\"\" \/>\r\n<\/div><\/div>\n <\/div><\/figure>\n<figure class=\"gt3pg_gallery-item gt3pg_element\"><div class=\"gt3pg_item_main_wrapper\"><div class=\"gt3pg_item-wrapper\"><div class=\"gt3pg_img_wrap landscape\" style=\"background-image: url(https:\/\/mxp-design.de\/wp-content\/uploads\/2025\/01\/IMG_20200827_1852255-768x576.jpg);\" data-width=\"2560\" data-height=\"1920\" data-i=\"3\" >\r\n<img decoding=\"async\" src=\"https:\/\/mxp-design.de\/wp-content\/uploads\/2025\/01\/IMG_20200827_1852255-768x576.jpg\" title=\"IMG_20200827_1852255\" alt=\"\" \/>\r\n<\/div><\/div>\n <\/div><\/figure>\n<figure class=\"gt3pg_gallery-item gt3pg_element\"><div class=\"gt3pg_item_main_wrapper\"><div class=\"gt3pg_item-wrapper\"><div class=\"gt3pg_img_wrap landscape\" style=\"background-image: url(https:\/\/mxp-design.de\/wp-content\/uploads\/2025\/02\/IMG_20220729_132537-768x574.jpg);\" data-width=\"2560\" data-height=\"1915\" data-i=\"4\" >\r\n<img decoding=\"async\" src=\"https:\/\/mxp-design.de\/wp-content\/uploads\/2025\/02\/IMG_20220729_132537-768x574.jpg\" title=\"IMG_20220729_132537\" alt=\"\" \/>\r\n<\/div><\/div>\n <\/div><\/figure>\n<figure class=\"gt3pg_gallery-item gt3pg_element\"><div class=\"gt3pg_item_main_wrapper\"><div class=\"gt3pg_item-wrapper\"><div class=\"gt3pg_img_wrap landscape\" style=\"background-image: url(https:\/\/mxp-design.de\/wp-content\/uploads\/2025\/02\/IMG_20211022_150231-768x574.jpg);\" data-width=\"2560\" data-height=\"1915\" data-i=\"5\" >\r\n<img decoding=\"async\" src=\"https:\/\/mxp-design.de\/wp-content\/uploads\/2025\/02\/IMG_20211022_150231-768x574.jpg\" title=\"IMG_20211022_150231\" alt=\"\" \/>\r\n<\/div><\/div>\n <\/div><\/figure>\n<figure class=\"gt3pg_gallery-item gt3pg_element\"><div class=\"gt3pg_item_main_wrapper\"><div class=\"gt3pg_item-wrapper\"><div class=\"gt3pg_img_wrap landscape\" style=\"background-image: url(https:\/\/mxp-design.de\/wp-content\/uploads\/2025\/02\/IMG_20210209_1503301-768x576.jpg);\" data-width=\"2560\" data-height=\"1920\" data-i=\"6\" >\r\n<img decoding=\"async\" src=\"https:\/\/mxp-design.de\/wp-content\/uploads\/2025\/02\/IMG_20210209_1503301-768x576.jpg\" title=\"IMG_20210209_1503301\" alt=\"\" \/>\r\n<\/div><\/div>\n <\/div><\/figure>\n<\/div>\n <style type='text\/css'>\r\n\t\t\t#gt3pg_gallery1 .gt3pg_item_main_wrapper {\r\n\t\t\t\tpadding: 5px\r\n\t\t\t}\r\n\t\t\t<\/style>\n\t\t","protected":false},"excerpt":{"rendered":"<p>Eine effiziente Art der Werbeplazierung. Nutzen Sie Ihr Fahrzeug oder Ihr Schaufenster als Werbetr\u00e4ger, treten Sie mit Beschilderungen an die \u00d6ffentlichkeit und weisen Ihren Kunden den Weg zu Ihnen.Nach Ihren &hellip; <a href=\"https:\/\/mxp-design.de\/?page_id=133\" class=\"more-link\"><span>Continue reading<span class=\"screen-reader-text\">Beschriftungen<\/span><\/span><\/a><\/p>\n","protected":false},"author":1,"featured_media":0,"parent":0,"menu_order":0,"comment_status":"closed","ping_status":"closed","template":"templates\/no-sidebar.php","meta":{"om_disable_all_campaigns":false,"_monsterinsights_skip_tracking":false,"_monsterinsights_sitenote_active":false,"_monsterinsights_sitenote_note":"","_monsterinsights_sitenote_category":0,"_kadence_starter_templates_imported_post":false,"footnotes":""},"class_list":["post-133","page","type-page","status-publish","hentry"],"aioseo_notices":[],"_links":{"self":[{"href":"https:\/\/mxp-design.de\/index.php?rest_route=\/wp\/v2\/pages\/133","targetHints":{"allow":["GET"]}}],"collection":[{"href":"https:\/\/mxp-design.de\/index.php?rest_route=\/wp\/v2\/pages"}],"about":[{"href":"https:\/\/mxp-design.de\/index.php?rest_route=\/wp\/v2\/types\/page"}],"author":[{"embeddable":true,"href":"https:\/\/mxp-design.de\/index.php?rest_route=\/wp\/v2\/users\/1"}],"replies":[{"embeddable":true,"href":"https:\/\/mxp-design.de\/index.php?rest_route=%2Fwp%2Fv2%2Fcomments&post=133"}],"version-history":[{"count":4,"href":"https:\/\/mxp-design.de\/index.php?rest_route=\/wp\/v2\/pages\/133\/revisions"}],"predecessor-version":[{"id":256,"href":"https:\/\/mxp-design.de\/index.php?rest_route=\/wp\/v2\/pages\/133\/revisions\/256"}],"wp:attachment":[{"href":"https:\/\/mxp-design.de\/index.php?rest_route=%2Fwp%2Fv2%2Fmedia&parent=133"}],"curies":[{"name":"wp","href":"https:\/\/api.w.org\/{rel}","templated":true}]}}