{"id":129,"date":"2025-01-31T17:41:58","date_gmt":"2025-01-31T16:41:58","guid":{"rendered":"http:\/\/mxp-design.de\/?page_id=129"},"modified":"2025-02-04T09:48:52","modified_gmt":"2025-02-04T08:48:52","slug":"textildruck","status":"publish","type":"page","link":"https:\/\/mxp-design.de\/?page_id=129","title":{"rendered":"Textildruck"},"content":{"rendered":"\n<p><strong>Textilien sind nicht nur Kleidungsst\u00fccke,<\/strong><\/p>\n\n\n\n<p>sondern auch Kommunikationsmittel, mit denen Sie professionell entsprechend Ihrem CI auftreten k\u00f6nnen.<br>Vom individuellen Einzelst\u00fcck bis zur Gro\u00dfserie, f\u00fcr Firmen, Vereine und Privatpersonen,<br>wir haben garantiert die richtige Druckmethode parat.<br>In unserem reichhaltigen Textilsortiment ist bestimmt auch f\u00fcr Ihre Anforderungen das richtige dabei.<\/p>\n\n\n<div id=\"gt3pg_gallery1\" class=\"gt3pg_galleryid-129 gt3pg_gallery-columns-3 gt3pg_photo_gallery gt3pg-corner-type-standard gt3pg_hover-none gt3pg-type-square\" data-size=\"thumbnail\" data-type=\"square\" data-corner=\"standard\" data-link=\"none\" data-margin=\"10\" data-instance=\"1\"><figure class=\"gt3pg_gallery-item gt3pg_element\"><div class=\"gt3pg_item_main_wrapper\"><div class=\"gt3pg_item-wrapper\"><div class=\"gt3pg_img_wrap landscape\" style=\"background-image: url(https:\/\/mxp-design.de\/wp-content\/uploads\/2025\/01\/IMG_20240830_102258-768x574.jpg);\" data-width=\"2560\" data-height=\"1915\" data-i=\"1\" >\r\n<img decoding=\"async\" src=\"https:\/\/mxp-design.de\/wp-content\/uploads\/2025\/01\/IMG_20240830_102258-768x574.jpg\" title=\"IMG_20240830_102258\" alt=\"\" \/>\r\n<\/div><\/div>\n <\/div><\/figure>\n<figure class=\"gt3pg_gallery-item gt3pg_element\"><div class=\"gt3pg_item_main_wrapper\"><div class=\"gt3pg_item-wrapper\"><div class=\"gt3pg_img_wrap landscape\" style=\"background-image: url(https:\/\/mxp-design.de\/wp-content\/uploads\/2025\/01\/IMG_20200107_1555252-scaled-e1738512646836-768x576.jpg);\" data-width=\"2560\" data-height=\"1920\" data-i=\"2\" >\r\n<img decoding=\"async\" src=\"https:\/\/mxp-design.de\/wp-content\/uploads\/2025\/01\/IMG_20200107_1555252-scaled-e1738512646836-768x576.jpg\" title=\"IMG_20200107_1555252\" alt=\"\" \/>\r\n<\/div><\/div>\n <\/div><\/figure>\n<figure class=\"gt3pg_gallery-item gt3pg_element\"><div class=\"gt3pg_item_main_wrapper\"><div class=\"gt3pg_item-wrapper\"><div class=\"gt3pg_img_wrap portrait\" style=\"background-image: url(https:\/\/mxp-design.de\/wp-content\/uploads\/2025\/02\/IMG_20220407_165403-768x1027.jpg);\" data-width=\"1915\" data-height=\"2560\" data-i=\"3\" >\r\n<img decoding=\"async\" src=\"https:\/\/mxp-design.de\/wp-content\/uploads\/2025\/02\/IMG_20220407_165403-768x1027.jpg\" title=\"IMG_20220407_165403\" alt=\"\" \/>\r\n<\/div><\/div>\n <\/div><\/figure>\n<figure class=\"gt3pg_gallery-item gt3pg_element\"><div class=\"gt3pg_item_main_wrapper\"><div class=\"gt3pg_item-wrapper\"><div class=\"gt3pg_img_wrap landscape\" style=\"background-image: url(https:\/\/mxp-design.de\/wp-content\/uploads\/2025\/02\/IMG_20210903_172345-768x574.jpg);\" data-width=\"2560\" data-height=\"1915\" data-i=\"4\" >\r\n<img decoding=\"async\" src=\"https:\/\/mxp-design.de\/wp-content\/uploads\/2025\/02\/IMG_20210903_172345-768x574.jpg\" title=\"IMG_20210903_172345\" alt=\"\" \/>\r\n<\/div><\/div>\n <\/div><\/figure>\n<figure class=\"gt3pg_gallery-item gt3pg_element\"><div class=\"gt3pg_item_main_wrapper\"><div class=\"gt3pg_item-wrapper\"><div class=\"gt3pg_img_wrap landscape\" style=\"background-image: url(https:\/\/mxp-design.de\/wp-content\/uploads\/2025\/02\/IMG_20210831_114230-768x574.jpg);\" data-width=\"2560\" data-height=\"1915\" data-i=\"5\" >\r\n<img decoding=\"async\" src=\"https:\/\/mxp-design.de\/wp-content\/uploads\/2025\/02\/IMG_20210831_114230-768x574.jpg\" title=\"IMG_20210831_114230\" alt=\"\" \/>\r\n<\/div><\/div>\n <\/div><\/figure>\n<figure class=\"gt3pg_gallery-item gt3pg_element\"><div class=\"gt3pg_item_main_wrapper\"><div class=\"gt3pg_item-wrapper\"><div class=\"gt3pg_img_wrap landscape\" style=\"background-image: url(https:\/\/mxp-design.de\/wp-content\/uploads\/2025\/02\/IMG_20201002_1828596-768x576.jpg);\" data-width=\"2560\" data-height=\"1920\" data-i=\"6\" >\r\n<img decoding=\"async\" src=\"https:\/\/mxp-design.de\/wp-content\/uploads\/2025\/02\/IMG_20201002_1828596-768x576.jpg\" title=\"IMG_20201002_1828596\" alt=\"\" \/>\r\n<\/div><\/div>\n <\/div><\/figure>\n<figure class=\"gt3pg_gallery-item gt3pg_element\"><div class=\"gt3pg_item_main_wrapper\"><div class=\"gt3pg_item-wrapper\"><div class=\"gt3pg_img_wrap portrait\" style=\"background-image: url(https:\/\/mxp-design.de\/wp-content\/uploads\/2025\/02\/IMG_20200805_1702209-768x1024.jpg);\" data-width=\"1920\" data-height=\"2560\" data-i=\"7\" >\r\n<img decoding=\"async\" src=\"https:\/\/mxp-design.de\/wp-content\/uploads\/2025\/02\/IMG_20200805_1702209-768x1024.jpg\" title=\"IMG_20200805_1702209\" alt=\"\" \/>\r\n<\/div><\/div>\n <\/div><\/figure>\n<\/div>\n <style type='text\/css'>\r\n\t\t\t#gt3pg_gallery1 .gt3pg_item_main_wrapper {\r\n\t\t\t\tpadding: 5px\r\n\t\t\t}\r\n\t\t\t<\/style>\n\t\t","protected":false},"excerpt":{"rendered":"<p>Textilien sind nicht nur Kleidungsst\u00fccke, sondern auch Kommunikationsmittel, mit denen Sie professionell entsprechend Ihrem CI auftreten k\u00f6nnen.Vom individuellen Einzelst\u00fcck bis zur Gro\u00dfserie, f\u00fcr Firmen, Vereine und Privatpersonen,wir haben garantiert die &hellip; <a href=\"https:\/\/mxp-design.de\/?page_id=129\" class=\"more-link\"><span>Continue reading<span class=\"screen-reader-text\">Textildruck<\/span><\/span><\/a><\/p>\n","protected":false},"author":1,"featured_media":0,"parent":0,"menu_order":0,"comment_status":"closed","ping_status":"closed","template":"templates\/no-sidebar.php","meta":{"om_disable_all_campaigns":false,"_monsterinsights_skip_tracking":false,"_monsterinsights_sitenote_active":false,"_monsterinsights_sitenote_note":"","_monsterinsights_sitenote_category":0,"_kadence_starter_templates_imported_post":false,"footnotes":""},"class_list":["post-129","page","type-page","status-publish","hentry"],"aioseo_notices":[],"_links":{"self":[{"href":"https:\/\/mxp-design.de\/index.php?rest_route=\/wp\/v2\/pages\/129","targetHints":{"allow":["GET"]}}],"collection":[{"href":"https:\/\/mxp-design.de\/index.php?rest_route=\/wp\/v2\/pages"}],"about":[{"href":"https:\/\/mxp-design.de\/index.php?rest_route=\/wp\/v2\/types\/page"}],"author":[{"embeddable":true,"href":"https:\/\/mxp-design.de\/index.php?rest_route=\/wp\/v2\/users\/1"}],"replies":[{"embeddable":true,"href":"https:\/\/mxp-design.de\/index.php?rest_route=%2Fwp%2Fv2%2Fcomments&post=129"}],"version-history":[{"count":6,"href":"https:\/\/mxp-design.de\/index.php?rest_route=\/wp\/v2\/pages\/129\/revisions"}],"predecessor-version":[{"id":255,"href":"https:\/\/mxp-design.de\/index.php?rest_route=\/wp\/v2\/pages\/129\/revisions\/255"}],"wp:attachment":[{"href":"https:\/\/mxp-design.de\/index.php?rest_route=%2Fwp%2Fv2%2Fmedia&parent=129"}],"curies":[{"name":"wp","href":"https:\/\/api.w.org\/{rel}","templated":true}]}}